{"id":3596,"date":"2024-05-07T08:40:27","date_gmt":"2024-05-07T08:40:27","guid":{"rendered":"https:\/\/m-estetika.com\/?page_id=3596"},"modified":"2024-05-07T08:41:48","modified_gmt":"2024-05-07T08:41:48","slug":"tretmaji","status":"publish","type":"page","link":"https:\/\/m-estetika.com\/en\/tretmaji\/","title":{"rendered":"Treatments"},"content":{"rendered":"<div class=\"vc_row wpb_row vc_row-fluid\"><div class=\"wpb_column vc_column_container vc_col-sm-12 sc_layouts_column_icons_position_left\"><div class=\"vc_column-inner\"><div class=\"wpb_wrapper\">\n\t<div class=\"wpb_text_column wpb_content_element\" >\n\t\t<div class=\"wpb_wrapper\">\n\t\t\t<h4 style=\"text-align: center;\"><strong>WHO ARE THE TREATMENTS FOR?<\/strong><\/h4>\n<p style=\"text-align: center;\">The treatment is intended for men and women who want a better physical appearance and a more beautifully shaped body.<\/p>\n<p style=\"text-align: center;\">Candidates can be anybody who have an increased volume of fat cells, cellulite and sagging body skin.<\/p>\n<p style=\"text-align: center;\"><strong><img decoding=\"async\" class=\"wp-image-3597 alignnone\" src=\"https:\/\/m-estetika.com\/wp-content\/uploads\/2024\/05\/prejpotem4-1-300x69.png\" alt=\"\" width=\"370\" height=\"85\" srcset=\"https:\/\/m-estetika.com\/wp-content\/uploads\/2024\/05\/prejpotem4-1-300x69.png 300w, https:\/\/m-estetika.com\/wp-content\/uploads\/2024\/05\/prejpotem4-1-1024x236.png 1024w, https:\/\/m-estetika.com\/wp-content\/uploads\/2024\/05\/prejpotem4-1-768x177.png 768w, https:\/\/m-estetika.com\/wp-content\/uploads\/2024\/05\/prejpotem4-1-1536x354.png 1536w, https:\/\/m-estetika.com\/wp-content\/uploads\/2024\/05\/prejpotem4-1-370x85.png 370w, https:\/\/m-estetika.com\/wp-content\/uploads\/2024\/05\/prejpotem4-1-760x175.png 760w, https:\/\/m-estetika.com\/wp-content\/uploads\/2024\/05\/prejpotem4-1.png 1892w\" sizes=\"(max-width: 370px) 100vw, 370px\" \/><\/strong><\/p>\n<h4 style=\"text-align: center;\"><strong>HOW MANY TREATMENTS NEED TO BE PERFORMED FOR OPTIMAL RESULTS?<\/strong><\/h4>\n<p style=\"text-align: center;\">Experience so far has shown that results are visible already after the first treatment (from 1 to 2.5 cm of reduced volume). The number of necessary treatments is individual and depends on the initial condition of the problem area.<br \/>\nIt usually takes 5 treatments from 7 to 10 days apart for a noticeable reduction in girth, fat deposits and cellulite. This will be enough for most to get the expected results, but sometimes you may need more treatments. After completing the package to maintain the results, it is recommended to repeat the treatment annually. It is also important to emphasize that for long-term results it is crucial to take into account healthy lifestyle habits - regular physical activity and a balanced diet.<\/p>\n<h4 style=\"text-align: center;\"><strong>RESULTS<\/strong><\/h4>\n<ul>\n<li style=\"text-align: center;\">In the study, a significant reduction (-26%) in adipocyte size was observed after ultrasound treatment. (Bani D. et al. Plast Reconstr Surg Glob Open, 2013)<\/li>\n<li style=\"text-align: center;\">An average reduction in abdominal girth of more than 2.5 cm was seen after just one treatment.<\/li>\n<li style=\"text-align: center;\">In rare cases, only a minimal reduction can be achieved.<\/li>\n<li style=\"text-align: center;\">Due to the reduction effect, excess loose skin after liposuction can also be treated.<\/li>\n<li style=\"text-align: center;\">We would like to point out that the results of clinical studies showed that the volume of the treated part of the body was reduced by up to 20 cm in volume.<\/li>\n<li style=\"text-align: center;\">Unique Med Contour treatments are PROVEN* to reduce extra fat deposits, reduce volume, reduce cellulite and improve skin tone.<\/li>\n<li style=\"text-align: center;\">*research conducted in Europe showed that three years after finishing VASER Shape treatments (Med2Contour in Europe), the fat cells did not return. Origin: <a href=\"http:\/\/www.prweb.com\/releases\/2011\/8\/prweb8688000.htlm\">American Health&amp;Beauty<\/a><\/li>\n<\/ul>\n<p style=\"text-align: center;\"><strong><img fetchpriority=\"high\" decoding=\"async\" class=\"alignnone size-medium wp-image-3598\" src=\"https:\/\/m-estetika.com\/wp-content\/uploads\/2024\/05\/prejpotem3-300x167.png\" alt=\"\" width=\"300\" height=\"167\" srcset=\"https:\/\/m-estetika.com\/wp-content\/uploads\/2024\/05\/prejpotem3-300x167.png 300w, https:\/\/m-estetika.com\/wp-content\/uploads\/2024\/05\/prejpotem3-1024x570.png 1024w, https:\/\/m-estetika.com\/wp-content\/uploads\/2024\/05\/prejpotem3-768x428.png 768w, https:\/\/m-estetika.com\/wp-content\/uploads\/2024\/05\/prejpotem3-1536x856.png 1536w, https:\/\/m-estetika.com\/wp-content\/uploads\/2024\/05\/prejpotem3-2048x1141.png 2048w, https:\/\/m-estetika.com\/wp-content\/uploads\/2024\/05\/prejpotem3-370x206.png 370w, https:\/\/m-estetika.com\/wp-content\/uploads\/2024\/05\/prejpotem3-760x423.png 760w\" sizes=\"(max-width: 300px) 100vw, 300px\" \/><\/strong><\/p>\n<h4 style=\"text-align: center;\"><strong>TREATMENT PROCESS<\/strong><\/h4>\n<p style=\"text-align: center;\">A consultation is held with our qualified staff about expectations and possibilities, as well as an insight into the client's state of health. This is followed by a standard measurement and photographing of the area of \u200b\u200bthe treated area. This process is mandatory for tracking results. After a review of the current situation, an assessment of the necessary number of treatments follows. The number of treatments depends on the height, weight and desired results. For each area there is a special program that is adapted to individual needs.<\/p>\n<h6 style=\"text-align: center;\">BEFORE THE TREATMENT<\/h6>\n<p style=\"text-align: center;\">It is necessary to drink 2 to 3 liters of water 24 hours before the treatment, thereby helping the ultrasound therapy to work more successfully.<\/p>\n<h6 style=\"text-align: center;\">I TREAT MYSELF<\/h6>\n<p style=\"text-align: center;\">The treatment feels like a pleasant, intense heating of extra fat tissue. Depending on the individual's tolerance to heat, the parameters are adjusted, where a greater amount of energy is required for a better result, the treatment time is extended for clients with a lower level of tolerance. Thus, the same result is guaranteed.<\/p>\n<h6 style=\"text-align: center;\">AFTER THE TREATMENT<\/h6>\n<p style=\"text-align: center;\">After the treatment, measurements and photographs are repeated. The client returns to their normal activities. No recovery period is required.<\/p>\n<h6 style=\"text-align: center;\">MAINTAINING THE RESULT<\/h6>\n<p style=\"text-align: center;\">For three days after each treatment, it is necessary to avoid carbohydrates, drink at least 2 liters of water, exercise (if nothing else, at least 10-15 minutes of walking, cycling, rollerblading, etc.) and enough sleep.<\/p>\n<p style=\"text-align: center;\"><strong><img decoding=\"async\" class=\"alignnone size-medium wp-image-3599\" src=\"https:\/\/m-estetika.com\/wp-content\/uploads\/2024\/05\/Hrbetpo30min-300x225.jpg\" alt=\"\" width=\"300\" height=\"225\" srcset=\"https:\/\/m-estetika.com\/wp-content\/uploads\/2024\/05\/Hrbetpo30min-300x225.jpg 300w, https:\/\/m-estetika.com\/wp-content\/uploads\/2024\/05\/Hrbetpo30min-768x576.jpg 768w, https:\/\/m-estetika.com\/wp-content\/uploads\/2024\/05\/Hrbetpo30min-370x278.jpg 370w, https:\/\/m-estetika.com\/wp-content\/uploads\/2024\/05\/Hrbetpo30min-760x570.jpg 760w, https:\/\/m-estetika.com\/wp-content\/uploads\/2024\/05\/Hrbetpo30min.jpg 794w\" sizes=\"(max-width: 300px) 100vw, 300px\" \/><\/strong><\/p>\n<h4 style=\"text-align: center;\"><strong>TO WHO IS NOT ADVISED<\/strong><\/h4>\n<p style=\"text-align: center;\">The treatment is not recommended for people who have problems with the heart, blood vessels, severe liver diseases, who have metal implants in the tissue of the region where the treatment is needed. People suffering from systemic and auto-immune diseases and people with skin diseases.<\/p>\n<p style=\"text-align: center;\">Pregnant and nursing mothers are not treated!<\/p>\n\n\t\t<\/div>\n\t<\/div>\n<\/div><\/div><\/div><\/div>","protected":false},"excerpt":{"rendered":"KOMU SO TRETMAJI NAMANJENI Tretma je namenjen mo\u0161kim in \u017eenskam, ki si \u017eelijo bolj\u0161i telesni izgled in lep\u0161e oblikovano telo. Kandidati so vsi, ki imajo pove\u010dan obseg masnih celic, celulitis in pove\u0161ano ko\u017eo telesa. KOLIKO TRETMAJEV JE POTREBNO OPRAVITI ZA OPTIMALNE REZULTATE? Dosedanje izku\u0161nje so pokazale, da so rezultati vidni\u00a0 \u017ee po prvem tretmaju (od 1 do 2,5 cm zmanj\u0161anega&hellip;","protected":false},"author":1,"featured_media":0,"parent":0,"menu_order":0,"comment_status":"closed","ping_status":"closed","template":"","meta":{"pagelayer_contact_templates":[],"_pagelayer_content":"","footnotes":""},"class_list":["post-3596","page","type-page","status-publish","hentry"],"_links":{"self":[{"href":"https:\/\/m-estetika.com\/en\/wp-json\/wp\/v2\/pages\/3596","targetHints":{"allow":["GET"]}}],"collection":[{"href":"https:\/\/m-estetika.com\/en\/wp-json\/wp\/v2\/pages"}],"about":[{"href":"https:\/\/m-estetika.com\/en\/wp-json\/wp\/v2\/types\/page"}],"author":[{"embeddable":true,"href":"https:\/\/m-estetika.com\/en\/wp-json\/wp\/v2\/users\/1"}],"replies":[{"embeddable":true,"href":"https:\/\/m-estetika.com\/en\/wp-json\/wp\/v2\/comments?post=3596"}],"version-history":[{"count":2,"href":"https:\/\/m-estetika.com\/en\/wp-json\/wp\/v2\/pages\/3596\/revisions"}],"predecessor-version":[{"id":3603,"href":"https:\/\/m-estetika.com\/en\/wp-json\/wp\/v2\/pages\/3596\/revisions\/3603"}],"wp:attachment":[{"href":"https:\/\/m-estetika.com\/en\/wp-json\/wp\/v2\/media?parent=3596"}],"curies":[{"name":"wp","href":"https:\/\/api.w.org\/{rel}","templated":true}]}}